{"id":153,"date":"2020-09-25T18:12:30","date_gmt":"2020-09-25T16:12:30","guid":{"rendered":"http:\/\/site1.xpbycomnext.com\/?page_id=153"},"modified":"2020-10-02T17:49:04","modified_gmt":"2020-10-02T15:49:04","slug":"mentions-legales-l1dus","status":"publish","type":"page","link":"https:\/\/site1.xpbycomnext.com\/index.php\/mentions-legales-l1dus\/","title":{"rendered":"MENTIONS LEGALES L&rsquo;1DUS"},"content":{"rendered":"\t\t<div data-elementor-type=\"wp-page\" data-elementor-id=\"153\" class=\"elementor elementor-153\" data-elementor-post-type=\"page\">\n\t\t\t\t\t\t<section class=\"elementor-section elementor-top-section elementor-element elementor-element-1681e2ce elementor-section-height-min-height elementor-section-boxed elementor-section-height-default elementor-section-items-middle\" data-id=\"1681e2ce\" data-element_type=\"section\" data-e-type=\"section\" data-settings=\"{&quot;background_background&quot;:&quot;classic&quot;,&quot;animation&quot;:&quot;none&quot;}\">\n\t\t\t\t\t\t<div class=\"elementor-container elementor-column-gap-default\">\n\t\t\t\t\t<div class=\"elementor-column elementor-col-100 elementor-top-column elementor-element elementor-element-44387853\" data-id=\"44387853\" data-element_type=\"column\" data-e-type=\"column\">\n\t\t\t<div class=\"elementor-widget-wrap elementor-element-populated\">\n\t\t\t\t\t\t<section class=\"elementor-section elementor-inner-section elementor-element elementor-element-313a847b elementor-reverse-mobile elementor-section-boxed elementor-section-height-default elementor-section-height-default\" data-id=\"313a847b\" data-element_type=\"section\" data-e-type=\"section\" data-settings=\"{&quot;background_background&quot;:&quot;classic&quot;}\">\n\t\t\t\t\t\t<div class=\"elementor-container elementor-column-gap-default\">\n\t\t\t\t\t<div class=\"elementor-column elementor-col-100 elementor-inner-column elementor-element elementor-element-3931ffa4\" data-id=\"3931ffa4\" data-element_type=\"column\" data-e-type=\"column\" data-settings=\"{&quot;background_background&quot;:&quot;classic&quot;}\">\n\t\t\t<div class=\"elementor-widget-wrap elementor-element-populated\">\n\t\t\t\t\t\t<div class=\"elementor-element elementor-element-3e1c97c8 elementor-widget elementor-widget-heading\" data-id=\"3e1c97c8\" data-element_type=\"widget\" data-e-type=\"widget\" data-widget_type=\"heading.default\">\n\t\t\t\t<div class=\"elementor-widget-container\">\n\t\t\t\t\t<h2 class=\"elementor-heading-title elementor-size-default\">MENTIONS L\u00c9GALES<\/h2>\t\t\t\t<\/div>\n\t\t\t\t<\/div>\n\t\t\t\t<div class=\"elementor-element elementor-element-6313d99c elementor-widget-divider--view-line elementor-widget elementor-widget-divider\" data-id=\"6313d99c\" data-element_type=\"widget\" data-e-type=\"widget\" data-widget_type=\"divider.default\">\n\t\t\t\t<div class=\"elementor-widget-container\">\n\t\t\t\t\t\t\t<div class=\"elementor-divider\">\n\t\t\t<span class=\"elementor-divider-separator\">\n\t\t\t\t\t\t<\/span>\n\t\t<\/div>\n\t\t\t\t\t\t<\/div>\n\t\t\t\t<\/div>\n\t\t\t\t<div class=\"elementor-element elementor-element-6d5b3bc5 elementor-widget elementor-widget-heading\" data-id=\"6d5b3bc5\" data-element_type=\"widget\" data-e-type=\"widget\" data-widget_type=\"heading.default\">\n\t\t\t\t<div class=\"elementor-widget-container\">\n\t\t\t\t\t<h2 class=\"elementor-heading-title elementor-size-default\">Copyright<\/h2>\t\t\t\t<\/div>\n\t\t\t\t<\/div>\n\t\t\t\t<div class=\"elementor-element elementor-element-180c8a6d elementor-widget elementor-widget-text-editor\" data-id=\"180c8a6d\" data-element_type=\"widget\" data-e-type=\"widget\" data-settings=\"{&quot;_animation&quot;:&quot;none&quot;}\" data-widget_type=\"text-editor.default\">\n\t\t\t\t<div class=\"elementor-widget-container\">\n\t\t\t\t\t\t\t\t\t<p>Copyright \u00a9 ComNext 2020.<\/p><p>All trade marks registered. All rights reserved. Toute reproduction ou repr\u00e9sentation m\u00eame partielle par quelque proc\u00e9d\u00e9 que ce soit, r\u00e9alis\u00e9e sans le consentement \u00e9crit de la soci\u00e9t\u00e9 ComNext, est interdite et illicite.<\/p>\t\t\t\t\t\t\t\t<\/div>\n\t\t\t\t<\/div>\n\t\t\t\t<div class=\"elementor-element elementor-element-46147fa1 elementor-widget elementor-widget-heading\" data-id=\"46147fa1\" data-element_type=\"widget\" data-e-type=\"widget\" data-widget_type=\"heading.default\">\n\t\t\t\t<div class=\"elementor-widget-container\">\n\t\t\t\t\t<h2 class=\"elementor-heading-title elementor-size-default\">Cr\u00e9dits<\/h2>\t\t\t\t<\/div>\n\t\t\t\t<\/div>\n\t\t\t\t<div class=\"elementor-element elementor-element-5076c9dc elementor-widget elementor-widget-text-editor\" data-id=\"5076c9dc\" data-element_type=\"widget\" data-e-type=\"widget\" data-settings=\"{&quot;_animation&quot;:&quot;none&quot;,&quot;_animation_delay&quot;:500}\" data-widget_type=\"text-editor.default\">\n\t\t\t\t<div class=\"elementor-widget-container\">\n\t\t\t\t\t\t\t\t\t<p>\u2022 Editeur : ComNext \u2013 S.A.R.L. au capital de 200 000 euros \u2013 RCS Nanterre 419 935 911 \u2013 NAF : 7311Z<\/p><p>\u2022 Adresse : 28 rue Palloy 92110 Clichy, France \u2013 T\u00e9l. : +33(0)1 47 58 37 00 \u2013 Fax : +33(0)1 47 58 37 01<\/p><p>\u2022 Directeur de la publication : Bertrand Thibault<\/p><p>\u2022 H\u00e9bergement : SAS OVH 2 rue Kellermann BP 80157 59100 Roubaix<\/p><p>\u2022 Photos : David Morganti<\/p><p>\u2022 Animations : Damien Pelletier\u00a0<\/p><p>Toutes les marques cit\u00e9es dans ce site appartiennent \u00e0 leurs propri\u00e9taires respectifs.<\/p>\t\t\t\t\t\t\t\t<\/div>\n\t\t\t\t<\/div>\n\t\t\t\t<div class=\"elementor-element elementor-element-798e817b elementor-widget elementor-widget-heading\" data-id=\"798e817b\" data-element_type=\"widget\" data-e-type=\"widget\" data-widget_type=\"heading.default\">\n\t\t\t\t<div class=\"elementor-widget-container\">\n\t\t\t\t\t<h2 class=\"elementor-heading-title elementor-size-default\">Responsabilit\u00e9<\/h2>\t\t\t\t<\/div>\n\t\t\t\t<\/div>\n\t\t\t\t<div class=\"elementor-element elementor-element-42727d4c elementor-widget elementor-widget-text-editor\" data-id=\"42727d4c\" data-element_type=\"widget\" data-e-type=\"widget\" data-settings=\"{&quot;_animation&quot;:&quot;none&quot;,&quot;_animation_delay&quot;:500}\" data-widget_type=\"text-editor.default\">\n\t\t\t\t<div class=\"elementor-widget-container\">\n\t\t\t\t\t\t\t\t\t<p>L\u2019utilisation du site www.comnext.com implique l\u2019acceptation pleine et enti\u00e8re des conditions g\u00e9n\u00e9rales d\u2019utilisation ci-apr\u00e8s d\u00e9crites. Ces conditions d\u2019utilisation sont susceptibles d\u2019\u00eatre modifi\u00e9es ou compl\u00e9t\u00e9es \u00e0 tout moment, les utilisateurs du site www.comnext.com sont donc invit\u00e9s \u00e0 les consulter de mani\u00e8re r\u00e9guli\u00e8re.<\/p><p>Ce site est normalement accessible \u00e0 tout moment aux utilisateurs. Une interruption pour raison de maintenance technique peut \u00eatre toutefois d\u00e9cid\u00e9e sans pr\u00e9avis par ComNext.<\/p><p>Le site www.comnext.com a pour objet de fournir une information concernant l\u2019ensemble des activit\u00e9s de la soci\u00e9t\u00e9. La soci\u00e9t\u00e9 ComNext s\u2019efforce de fournir des informations aussi pr\u00e9cises que possible. Toutefois, elle ne pourra \u00eatre tenue responsable des omissions, des inexactitudes et des carences dans la mise \u00e0 jour, qu\u2019elles soient de son fait ou du fait des tiers partenaires qui lui fournissent ces informations.<\/p><p>Toutes les informations indiqu\u00e9es sur le site www.comnext.com sont donn\u00e9es \u00e0 titre indicatif, et sont susceptibles d\u2019\u00e9voluer. Elles ne constituent ni une garantie ni un engagement de la part de la soci\u00e9t\u00e9 ComNext \u00e0 l\u2019\u00e9gard de tout produit ou service. ComNext d\u00e9cline toute responsabilit\u00e9, expresse ou implicite, quant \u00e0 leur pertinence, leur exhaustivit\u00e9, leur exactitude ou leur ad\u00e9quation \u00e0 un but quelconque. ComNext se r\u00e9serve le droit de modifier les informations contenues dans ce site \u00e0 tout moment et sans pr\u00e9avis.<\/p><p>ComNext ne garantit pas le fait que le serveur accueillant son site soit exempt de virus ou qu\u2019un probl\u00e8me technique puisse endommager les composants ou les donn\u00e9es de l\u2019ordinateur de l\u2019internaute.<\/p><p>Les pr\u00e9sentes conditions du site www.comnext.com sont r\u00e9gies par les lois fran\u00e7aises et toute contestation ou litiges qui pourraient na\u00eetre de l&rsquo;interpr\u00e9tation ou de l&rsquo;ex\u00e9cution de celles-ci seront de la comp\u00e9tence exclusive des tribunaux de Nanterre. La langue de r\u00e9f\u00e9rence, pour le r\u00e8glement de contentieux \u00e9ventuels, est le fran\u00e7ais.<\/p>\t\t\t\t\t\t\t\t<\/div>\n\t\t\t\t<\/div>\n\t\t\t\t<div class=\"elementor-element elementor-element-7c4e1e73 elementor-widget elementor-widget-spacer\" data-id=\"7c4e1e73\" data-element_type=\"widget\" data-e-type=\"widget\" data-widget_type=\"spacer.default\">\n\t\t\t\t<div class=\"elementor-widget-container\">\n\t\t\t\t\t\t\t<div class=\"elementor-spacer\">\n\t\t\t<div class=\"elementor-spacer-inner\"><\/div>\n\t\t<\/div>\n\t\t\t\t\t\t<\/div>\n\t\t\t\t<\/div>\n\t\t\t\t\t<\/div>\n\t\t<\/div>\n\t\t\t\t\t<\/div>\n\t\t<\/section>\n\t\t\t\t<div class=\"elementor-element elementor-element-24d22856 elementor-view-stacked elementor-shape-square elementor-widget__width-auto elementor-fixed elementor-hidden-phone elementor-widget elementor-widget-icon\" data-id=\"24d22856\" data-element_type=\"widget\" data-e-type=\"widget\" data-settings=\"{&quot;_position&quot;:&quot;fixed&quot;}\" data-widget_type=\"icon.default\">\n\t\t\t\t<div class=\"elementor-widget-container\">\n\t\t\t\t\t\t\t<div class=\"elementor-icon-wrapper\">\n\t\t\t<a class=\"elementor-icon\" href=\"#TOP\">\n\t\t\t<i aria-hidden=\"true\" class=\"fas fa-arrow-up\"><\/i>\t\t\t<\/a>\n\t\t<\/div>\n\t\t\t\t\t\t<\/div>\n\t\t\t\t<\/div>\n\t\t\t\t<div class=\"elementor-element elementor-element-7cc64d52 elementor-view-stacked elementor-shape-square elementor-widget__width-auto elementor-fixed elementor-hidden-phone elementor-widget elementor-widget-icon\" data-id=\"7cc64d52\" data-element_type=\"widget\" data-e-type=\"widget\" data-settings=\"{&quot;_position&quot;:&quot;fixed&quot;}\" data-widget_type=\"icon.default\">\n\t\t\t\t<div class=\"elementor-widget-container\">\n\t\t\t\t\t\t\t<div class=\"elementor-icon-wrapper\">\n\t\t\t<a class=\"elementor-icon\" href=\"#TOP\">\n\t\t\t<i aria-hidden=\"true\" class=\"fas fa-arrow-up\"><\/i>\t\t\t<\/a>\n\t\t<\/div>\n\t\t\t\t\t\t<\/div>\n\t\t\t\t<\/div>\n\t\t\t\t<div class=\"elementor-element elementor-element-30eaa6c elementor-widget__width-initial elementor-widget-mobile__width-inherit elementor-fixed elementor-widget elementor-widget-tp-button\" data-id=\"30eaa6c\" data-element_type=\"widget\" data-e-type=\"widget\" data-settings=\"{&quot;_position&quot;:&quot;fixed&quot;}\" data-widget_type=\"tp-button.default\">\n\t\t\t\t<div class=\"elementor-widget-container\">\n\t\t\t\t\t<div class=\"pt-plus-button-wrapper   text-center   \"><div class=\"button_parallax   \" ><div id=\"button69e14f3daace0\"  class=\" text-center ts-button content_hover_effect   \" ><div class=\"pt_plus_button btn69e14f3daa50d button-style-8   \"  ><div class=\"animted-content-inner \"><a href=\"https:\/\/xpbycomnext.com\/site-starter\/\" class=\"button-link-wrap \" role=\"button\" data-hover=\"Retour \u00e0 l&#039;offre\"  >Retour \u00e0 l&#039;offre<\/a><\/div><\/div><\/div><\/div><\/div>\t\t\t\t<\/div>\n\t\t\t\t<\/div>\n\t\t\t\t\t<\/div>\n\t\t<\/div>\n\t\t\t\t\t<\/div>\n\t\t<\/section>\n\t\t\t\t<\/div>\n\t\t","protected":false},"excerpt":{"rendered":"<p>MENTIONS L\u00c9GALES Copyright Copyright \u00a9 ComNext 2020. All trade marks registered. All rights reserved. Toute reproduction ou repr\u00e9sentation m\u00eame partielle par quelque proc\u00e9d\u00e9 que ce soit, r\u00e9alis\u00e9e sans le consentement \u00e9crit de la soci\u00e9t\u00e9 ComNext, est interdite et illicite. Cr\u00e9dits \u2022 Editeur : ComNext \u2013 S.A.R.L. au capital de 200 000 euros \u2013 RCS Nanterre [&hellip;]<\/p>\n","protected":false},"author":2,"featured_media":0,"parent":0,"menu_order":0,"comment_status":"closed","ping_status":"closed","template":"","meta":{"footnotes":""},"class_list":["post-153","page","type-page","status-publish","hentry"],"_links":{"self":[{"href":"https:\/\/site1.xpbycomnext.com\/index.php\/wp-json\/wp\/v2\/pages\/153","targetHints":{"allow":["GET"]}}],"collection":[{"href":"https:\/\/site1.xpbycomnext.com\/index.php\/wp-json\/wp\/v2\/pages"}],"about":[{"href":"https:\/\/site1.xpbycomnext.com\/index.php\/wp-json\/wp\/v2\/types\/page"}],"author":[{"embeddable":true,"href":"https:\/\/site1.xpbycomnext.com\/index.php\/wp-json\/wp\/v2\/users\/2"}],"replies":[{"embeddable":true,"href":"https:\/\/site1.xpbycomnext.com\/index.php\/wp-json\/wp\/v2\/comments?post=153"}],"version-history":[{"count":3,"href":"https:\/\/site1.xpbycomnext.com\/index.php\/wp-json\/wp\/v2\/pages\/153\/revisions"}],"predecessor-version":[{"id":181,"href":"https:\/\/site1.xpbycomnext.com\/index.php\/wp-json\/wp\/v2\/pages\/153\/revisions\/181"}],"wp:attachment":[{"href":"https:\/\/site1.xpbycomnext.com\/index.php\/wp-json\/wp\/v2\/media?parent=153"}],"curies":[{"name":"wp","href":"https:\/\/api.w.org\/{rel}","templated":true}]}}